{"id":26,"date":"2021-05-30T20:18:22","date_gmt":"2021-05-30T20:18:22","guid":{"rendered":"https:\/\/we-kr.com\/de\/we-kr\/"},"modified":"2025-06-11T13:43:34","modified_gmt":"2025-06-11T13:43:34","slug":"we-kr","status":"publish","type":"page","link":"https:\/\/www.we-kr.com\/de\/","title":{"rendered":"WE-KR"},"content":{"rendered":"<p><a href=\"#scroll-down\"><\/p>\n<p><\/a><\/p>\n<p>We Are<\/p>\n<p>WE-KR<\/p>\n<p>We engineer<\/p>\n<p>your solutions!<\/p>\n<p>\u00dcber uns<\/p>\n<p>WE-KR ist das f\u00fchrende Unternehmen f\u00fcr individuelle L\u00f6sungen in der industriellen Metallverarbeitung, einschlie\u00dflich Design, Entwicklung, Produktion und Montage.<\/p>\n<p>Mehr als 15 Jahre Erfahrung in der Herstellung von umfangreichen und komplexen Konzepten und Produkten wie Industrielackierereien mit Trocknern und Filtersystemen, Betriebseinheiten f\u00fcr Industrieroboter, Heiz- und K\u00fchlsysteme, Wechselrichter, M\u00fcllverbrennungsanlagen, Industriebeh\u00e4lter, sowie Rohrleitungen und modulare Schiffskabinen u.\u00e4. <\/p>\n<p>WE-KR ist ein Zulieferer von weltweit f\u00fchrenden Industriemarken. Langj\u00e4hrige und erfolgreiche Gesch\u00e4ftsbeziehungen heben uns hervor und wir sind bestrebt spezielle schl\u00fcsselfertige L\u00f6sungen f\u00fcr hochkomplexe und profitable Projekte anzubieten. <\/p>\n<p>Das Engagement und die Loyalit\u00e4t der WE-KR Mitarbeiter sind der Schl\u00fcssel zu unserem Erfolg. Derzeit besch\u00e4ftigen wir mehr als 550 erfahrene Mitarbeiter, die sich \u00fcberwiegend zusammensetzen aus hochqualifizierten Ingenieuren, Technikern und Designern. WE-KR investiert st\u00e4ndig in die Ausbildung der Mitarbeiter und deren Zufriedenheit.<\/p>\n<p>Dienstleistungen<\/p>\n<p>Der Gro\u00dfteil der Produktionsprozesse umfasst das Schwei\u00dfen, Pressen, Schneiden, Binden, Formen, Bearbeiten, Fr\u00e4sen, Bohren, Sandstrahlen und Lackieren. Die Produktion wird gem\u00e4\u00df internationalen Standards durchgef\u00fchrt, wor\u00fcber das Unternehmen anerkannte technische Zertifikate vorzuweisen hat. <\/p>\n<p><img decoding=\"async\" src=\"https:\/\/www.we-kr.com\/de\/wp-content\/uploads\/2021\/05\/Kruzno-savijanje.jpg\" \/><\/p>\n<p>Rundbiegen<\/p>\n<p><img decoding=\"async\" src=\"https:\/\/www.we-kr.com\/de\/wp-content\/uploads\/2021\/05\/Lakiranje.jpg\" \/><\/p>\n<p>Lackierung<\/p>\n<p><img decoding=\"async\" src=\"https:\/\/www.we-kr.com\/de\/wp-content\/uploads\/2021\/05\/Rezanje-i-Busenje.jpg\" \/><\/p>\n<p>Schneiden und Bohren<\/p>\n<p><img decoding=\"async\" src=\"https:\/\/www.we-kr.com\/de\/wp-content\/uploads\/2021\/05\/Rezanje-limova.jpg\" \/><\/p>\n<p>Blechschneiden<\/p>\n<p><img decoding=\"async\" src=\"https:\/\/www.we-kr.com\/de\/wp-content\/uploads\/2021\/05\/Savijanje.jpg\" \/><\/p>\n<p>Biegen <\/p>\n<p><img decoding=\"async\" src=\"https:\/\/www.we-kr.com\/de\/wp-content\/uploads\/2021\/05\/Strojna-obrada.jpg\" \/><\/p>\n<p>Bearbeitung<\/p>\n<p>WE-KR Gruppe<\/p>\n<p><img decoding=\"async\" src=\"https:\/\/www.we-kr.com\/de\/wp-content\/uploads\/2021\/05\/Ausenaufnahme-Verwaltungsgebaude.jpg\" \/>\t\t\t\t<\/p>\n<p>Die bayrische Firma S\u00fcdluft Systemtechnik GmbH geh\u00f6rt seit dem Jahr 2020 unserer Unternehmensgruppe an. Durch die \u00dcbernahme entstehen sowohl f\u00fcr das Tochter- als auch f\u00fcr das Mutterunternehmen optimale Synergieeffekte und wir k\u00f6nnen mit geb\u00fcndeltem Know-how unseren renommierten Kunden ma\u00dfangefertigte Komplettl\u00f6sungen anbieten. <\/p>\n<p>Die Kerngesch\u00e4ftsfelder der S\u00fcdluft Systemtechnik GmbH sind: K\u00fcchenl\u00fcftungstechnik, Luftleitsysteme und Sonderbauten\/L\u00fcftungst\u00fcrme. T\u00e4tigkeiten wie Planung, eigene Produktion und Montage vor Ort mit ausgebildeten Fachkr\u00e4ften zeichnen das Unternehmen aus. <\/p>\n<p>Die Firma besch\u00e4ftigt aktuell 160 hochmotivierte Mitarbeiter, unter denen sich 16 Auszubildende befinden. Durch Schulungs- und Weiterbildungsprogramme werden die Kompetenzen der Mitarbeiter kontinuierlich erweitert und gef\u00f6rdert. Mittels Investitionen in Mitarbeiter, moderne Maschinen und Anlagen, wie auch in Innovationen und neue Technologien ist unser nachhaltiger Unternehmenserfolg gesichert, da f\u00fcr uns die Zufriedenheit unserer Mitarbeiter und Kunden immer an erster Stelle steht. <\/p>\n<p><img decoding=\"async\" src=\"https:\/\/www.we-kr.com\/de\/wp-content\/uploads\/2021\/05\/2016-LLS.jpg\" \/>\t\t\t\t\t\t\t\t<\/p>\n<p>Unsere Kunden<\/p>\n<p><img decoding=\"async\" src=\"https:\/\/www.we-kr.com\/de\/wp-content\/uploads\/2021\/05\/Our-clients.png\" \/><\/p>\n<p>Galerie<\/p>\n<p>Slideshow<\/p>\n<p><a href=\"https:\/\/www.we-kr.com\/de\/wp-content\/gallery\/wekr-gal\/DSC09678.jpg\"><\/p>\n<p><img decoding=\"async\" src=\"https:\/\/www.we-kr.com\/de\/wp-content\/gallery\/wekr-gal\/DSC09678.jpg\" \/><br \/>\n<\/a><\/p>\n<p><a href=\"https:\/\/www.we-kr.com\/de\/wp-content\/gallery\/wekr-gal\/DSC09696.jpg\"><\/p>\n<p><img decoding=\"async\" src=\"https:\/\/www.we-kr.com\/de\/wp-content\/gallery\/wekr-gal\/DSC09696.jpg\" \/><br \/>\n<\/a><\/p>\n<p><a href=\"https:\/\/www.we-kr.com\/de\/wp-content\/gallery\/wekr-gal\/DSC09705.jpg\"><\/p>\n<p><img decoding=\"async\" src=\"https:\/\/www.we-kr.com\/de\/wp-content\/gallery\/wekr-gal\/DSC09705.jpg\" \/><br \/>\n<\/a><\/p>\n<p><a href=\"https:\/\/www.we-kr.com\/de\/wp-content\/gallery\/wekr-gal\/DSC09739.jpg\"><\/p>\n<p><img decoding=\"async\" src=\"https:\/\/www.we-kr.com\/de\/wp-content\/gallery\/wekr-gal\/DSC09739.jpg\" \/><br \/>\n<\/a><\/p>\n<p><a href=\"https:\/\/www.we-kr.com\/de\/wp-content\/gallery\/wekr-gal\/DSC09757.jpg\"><\/p>\n<p><img decoding=\"async\" src=\"https:\/\/www.we-kr.com\/de\/wp-content\/gallery\/wekr-gal\/DSC09757.jpg\" \/><br \/>\n<\/a><\/p>\n<p><a href=\"https:\/\/www.we-kr.com\/de\/wp-content\/gallery\/wekr-gal\/DSC09778.jpg\"><\/p>\n<p><img decoding=\"async\" src=\"https:\/\/www.we-kr.com\/de\/wp-content\/gallery\/wekr-gal\/DSC09778.jpg\" \/><br \/>\n<\/a><\/p>\n<p><a href=\"https:\/\/www.we-kr.com\/de\/wp-content\/gallery\/wekr-gal\/DSC09769.jpg\"><\/p>\n<p><img decoding=\"async\" src=\"https:\/\/www.we-kr.com\/de\/wp-content\/gallery\/wekr-gal\/DSC09769.jpg\" \/><br \/>\n<\/a><\/p>\n<p><a href=\"https:\/\/www.we-kr.com\/de\/wp-content\/gallery\/wekr-gal\/DSC09703.jpg\"><\/p>\n<p><img decoding=\"async\" src=\"https:\/\/www.we-kr.com\/de\/wp-content\/gallery\/wekr-gal\/DSC09703.jpg\" \/><br \/>\n<\/a><\/p>\n<p><a href=\"https:\/\/www.we-kr.com\/de\/wp-content\/gallery\/wekr-gal\/DSC09782.jpg\"><\/p>\n<p><img decoding=\"async\" src=\"https:\/\/www.we-kr.com\/de\/wp-content\/gallery\/wekr-gal\/DSC09782.jpg\" \/><br \/>\n<\/a><\/p>\n<p><a href=\"https:\/\/www.we-kr.com\/de\/wp-content\/gallery\/wekr-gal\/DSC09781.jpg\"><\/p>\n<p><img decoding=\"async\" src=\"https:\/\/www.we-kr.com\/de\/wp-content\/gallery\/wekr-gal\/DSC09781.jpg\" \/><br \/>\n<\/a><\/p>\n<p><a href=\"https:\/\/www.we-kr.com\/de\/wp-content\/gallery\/wekr-gal\/DSC09784.jpg\"><\/p>\n<p><img decoding=\"async\" src=\"https:\/\/www.we-kr.com\/de\/wp-content\/gallery\/wekr-gal\/DSC09784.jpg\" \/><br \/>\n<\/a><\/p>\n<p><a href=\"https:\/\/www.we-kr.com\/de\/wp-content\/gallery\/wekr-gal\/DSC09789.jpg\"><\/p>\n<p><img decoding=\"async\" src=\"https:\/\/www.we-kr.com\/de\/wp-content\/gallery\/wekr-gal\/DSC09789.jpg\" \/><br \/>\n<\/a><\/p>\n<p><a href=\"https:\/\/www.we-kr.com\/de\/wp-content\/gallery\/wekr-gal\/DSC09791.jpg\"><\/p>\n<p><img decoding=\"async\" src=\"https:\/\/www.we-kr.com\/de\/wp-content\/gallery\/wekr-gal\/DSC09791.jpg\" \/><br \/>\n<\/a><\/p>\n<p><a href=\"https:\/\/www.we-kr.com\/de\/wp-content\/gallery\/wekr-gal\/DSC09790.jpg\"><\/p>\n<p><img decoding=\"async\" src=\"https:\/\/www.we-kr.com\/de\/wp-content\/gallery\/wekr-gal\/DSC09790.jpg\" \/><br \/>\n<\/a><\/p>\n<p><a href=\"https:\/\/www.we-kr.com\/de\/wp-content\/gallery\/wekr-gal\/DSC09793.jpg\"><\/p>\n<p><img decoding=\"async\" src=\"https:\/\/www.we-kr.com\/de\/wp-content\/gallery\/wekr-gal\/DSC09793.jpg\" \/><br \/>\n<\/a><\/p>\n<p><a href=\"https:\/\/www.we-kr.com\/de\/wp-content\/gallery\/wekr-gal\/DSC09797.jpg\"><\/p>\n<p><img decoding=\"async\" src=\"https:\/\/www.we-kr.com\/de\/wp-content\/gallery\/wekr-gal\/DSC09797.jpg\" \/><br \/>\n<\/a><\/p>\n<p><a href=\"https:\/\/www.we-kr.com\/de\/wp-content\/gallery\/wekr-gal\/DSC09800.jpg\"><\/p>\n<p><img decoding=\"async\" src=\"https:\/\/www.we-kr.com\/de\/wp-content\/gallery\/wekr-gal\/DSC09800.jpg\" \/><br \/>\n<\/a><\/p>\n<p><a href=\"https:\/\/www.we-kr.com\/de\/wp-content\/gallery\/wekr-gal\/DSC09796.jpg\"><\/p>\n<p><img decoding=\"async\" src=\"https:\/\/www.we-kr.com\/de\/wp-content\/gallery\/wekr-gal\/DSC09796.jpg\" \/><br \/>\n<\/a><\/p>\n<p><a href=\"https:\/\/www.we-kr.com\/de\/wp-content\/gallery\/wekr-gal\/DSC09832.jpg\"><\/p>\n<p><img decoding=\"async\" src=\"https:\/\/www.we-kr.com\/de\/wp-content\/gallery\/wekr-gal\/DSC09832.jpg\" \/><br \/>\n<\/a><\/p>\n<p><a href=\"https:\/\/www.we-kr.com\/de\/wp-content\/gallery\/wekr-gal\/DSC09805.jpg\"><\/p>\n<p><img decoding=\"async\" src=\"https:\/\/www.we-kr.com\/de\/wp-content\/gallery\/wekr-gal\/DSC09805.jpg\" \/><br \/>\n<\/a><\/p>\n<p><a href=\"https:\/\/www.we-kr.com\/de\/wp-content\/gallery\/wekr-gal\/DSC09836.jpg\"><\/p>\n<p><img decoding=\"async\" src=\"https:\/\/www.we-kr.com\/de\/wp-content\/gallery\/wekr-gal\/DSC09836.jpg\" \/><br \/>\n<\/a><\/p>\n<p><a href=\"https:\/\/www.we-kr.com\/de\/wp-content\/gallery\/wekr-gal\/DSC09825.jpg\"><\/p>\n<p><img decoding=\"async\" src=\"https:\/\/www.we-kr.com\/de\/wp-content\/gallery\/wekr-gal\/DSC09825.jpg\" \/><br \/>\n<\/a><\/p>\n<p><a href=\"https:\/\/www.we-kr.com\/de\/wp-content\/gallery\/wekr-gal\/DSC09840.jpg\"><\/p>\n<p><img decoding=\"async\" src=\"https:\/\/www.we-kr.com\/de\/wp-content\/gallery\/wekr-gal\/DSC09840.jpg\" \/><br \/>\n<\/a><\/p>\n<p><a href=\"https:\/\/www.we-kr.com\/de\/wp-content\/gallery\/wekr-gal\/DSC09842.jpg\"><\/p>\n<p><img decoding=\"async\" src=\"https:\/\/www.we-kr.com\/de\/wp-content\/gallery\/wekr-gal\/DSC09842.jpg\" \/><br \/>\n<\/a><\/p>\n<p><a href=\"https:\/\/www.we-kr.com\/de\/wp-content\/gallery\/wekr-gal\/DSC09847.jpg\"><\/p>\n<p><img decoding=\"async\" src=\"https:\/\/www.we-kr.com\/de\/wp-content\/gallery\/wekr-gal\/DSC09847.jpg\" \/><br \/>\n<\/a><\/p>\n<p><a href=\"https:\/\/www.we-kr.com\/de\/wp-content\/gallery\/wekr-gal\/DSC09854.jpg\"><\/p>\n<p><img decoding=\"async\" src=\"https:\/\/www.we-kr.com\/de\/wp-content\/gallery\/wekr-gal\/DSC09854.jpg\" \/><br \/>\n<\/a><\/p>\n<p><a href=\"https:\/\/www.we-kr.com\/de\/wp-content\/gallery\/wekr-gal\/DSC09851.jpg\"><\/p>\n<p><img decoding=\"async\" src=\"https:\/\/www.we-kr.com\/de\/wp-content\/gallery\/wekr-gal\/DSC09851.jpg\" \/><br \/>\n<\/a><\/p>\n<p><a href=\"https:\/\/www.we-kr.com\/de\/wp-content\/gallery\/wekr-gal\/DSC09907.jpg\"><\/p>\n<p><img decoding=\"async\" src=\"https:\/\/www.we-kr.com\/de\/wp-content\/gallery\/wekr-gal\/DSC09907.jpg\" \/><br \/>\n<\/a><\/p>\n<p><a href=\"https:\/\/www.we-kr.com\/de\/wp-content\/gallery\/wekr-gal\/DSC09915.jpg\"><\/p>\n<p><img decoding=\"async\" src=\"https:\/\/www.we-kr.com\/de\/wp-content\/gallery\/wekr-gal\/DSC09915.jpg\" \/><br \/>\n<\/a><\/p>\n<p><a href=\"https:\/\/www.we-kr.com\/de\/wp-content\/gallery\/wekr-gal\/DSC09933.jpg\"><\/p>\n<p><img decoding=\"async\" src=\"https:\/\/www.we-kr.com\/de\/wp-content\/gallery\/wekr-gal\/DSC09933.jpg\" \/><br \/>\n<\/a><\/p>\n<p><a href=\"https:\/\/www.we-kr.com\/de\/wp-content\/gallery\/wekr-gal\/DSC09914.jpg\"><\/p>\n<p><img decoding=\"async\" src=\"https:\/\/www.we-kr.com\/de\/wp-content\/gallery\/wekr-gal\/DSC09914.jpg\" \/><br \/>\n<\/a><\/p>\n<p><a href=\"https:\/\/www.we-kr.com\/de\/wp-content\/gallery\/wekr-gal\/DSC09956.jpg\"><\/p>\n<p><img decoding=\"async\" src=\"https:\/\/www.we-kr.com\/de\/wp-content\/gallery\/wekr-gal\/DSC09956.jpg\" \/><br \/>\n<\/a><\/p>\n<p><a href=\"https:\/\/www.we-kr.com\/de\/wp-content\/gallery\/wekr-gal\/DSC09964.jpg\"><\/p>\n<p><img decoding=\"async\" src=\"https:\/\/www.we-kr.com\/de\/wp-content\/gallery\/wekr-gal\/DSC09964.jpg\" \/><br \/>\n<\/a><\/p>\n<p><a href=\"https:\/\/www.we-kr.com\/de\/wp-content\/gallery\/wekr-gal\/DSC09954.jpg\"><\/p>\n<p><img decoding=\"async\" src=\"https:\/\/www.we-kr.com\/de\/wp-content\/gallery\/wekr-gal\/DSC09954.jpg\" \/><br \/>\n<\/a><\/p>\n<p><a href=\"https:\/\/www.we-kr.com\/de\/wp-content\/gallery\/wekr-gal\/DSC09961.jpg\"><\/p>\n<p><img decoding=\"async\" src=\"https:\/\/www.we-kr.com\/de\/wp-content\/gallery\/wekr-gal\/DSC09961.jpg\" \/><br \/>\n<\/a><\/p>\n<p><a href=\"https:\/\/www.we-kr.com\/de\/wp-content\/gallery\/wekr-gal\/DSC09966.jpg\"><\/p>\n<p><img decoding=\"async\" src=\"https:\/\/www.we-kr.com\/de\/wp-content\/gallery\/wekr-gal\/DSC09966.jpg\" \/><br \/>\n<\/a><\/p>\n<p><a href=\"https:\/\/www.we-kr.com\/de\/wp-content\/gallery\/wekr-gal\/DSC09959.jpg\"><\/p>\n<p><img decoding=\"async\" src=\"https:\/\/www.we-kr.com\/de\/wp-content\/gallery\/wekr-gal\/DSC09959.jpg\" \/><br \/>\n<\/a><\/p>\n<p><a href=\"https:\/\/www.we-kr.com\/de\/wp-content\/gallery\/wekr-gal\/DSC09977.jpg\"><\/p>\n<p><img decoding=\"async\" src=\"https:\/\/www.we-kr.com\/de\/wp-content\/gallery\/wekr-gal\/DSC09977.jpg\" \/><br \/>\n<\/a><\/p>\n<p><a href=\"https:\/\/www.we-kr.com\/de\/wp-content\/gallery\/wekr-gal\/DSC09974.jpg\"><\/p>\n<p><img decoding=\"async\" src=\"https:\/\/www.we-kr.com\/de\/wp-content\/gallery\/wekr-gal\/DSC09974.jpg\" \/><br \/>\n<\/a><\/p>\n<p><a href=\"https:\/\/www.we-kr.com\/de\/wp-content\/gallery\/wekr-gal\/DSC09984.jpg\"><\/p>\n<p><img decoding=\"async\" src=\"https:\/\/www.we-kr.com\/de\/wp-content\/gallery\/wekr-gal\/DSC09984.jpg\" \/><br \/>\n<\/a><\/p>\n<p><a href=\"https:\/\/www.we-kr.com\/de\/wp-content\/gallery\/wekr-gal\/DSC09981.jpg\"><\/p>\n<p><img decoding=\"async\" src=\"https:\/\/www.we-kr.com\/de\/wp-content\/gallery\/wekr-gal\/DSC09981.jpg\" \/><br \/>\n<\/a><\/p>\n<p>Kontakt<\/p>\n<p>In Kontakt bleiben <\/p>\n<p>Unterlagen<\/p>\n<p>Unterladen die wir im Gesch\u00e4ftsalltag verwenden<\/p>\n<p>Allgemein<\/p>\n<p><a href=\"https:\/\/www.we-kr.com\/wp-content\/uploads\/2025\/06\/WE-KR_2025_DE.pdf\" target=\"_blank\" rel=\"noopener\">Pr\u00e4sentation<\/a><\/p>\n<p>Verkauf<\/p>\n<p><a href=\"https:\/\/www.we-kr.com\/wp-content\/uploads\/2025\/05\/Allgemeine-Verkaufsbedingungen.pdf\" target=\"_blank\" rel=\"noopener\">Allgemeine Verkaufsbedingungen<\/a><\/p>\n","protected":false},"excerpt":{"rendered":"<p class=\"excerpt\">We Are WE-KR We engineer your solutions! \u00dcber uns WE-KR ist das f\u00fchrende Unternehmen f\u00fcr individuelle L\u00f6sungen in der industriellen Metallverarbeitung, einschlie\u00dflich Design, Entwicklung, Produktion und Montage. Mehr als 15 Jahre Erfahrung in der Herstellung von umfangreichen und komplexen Konzepten und Produkten wie Industrielackierereien mit Trocknern und Filtersystemen, Betriebseinheiten f\u00fcr Industrieroboter, Heiz- und K\u00fchlsysteme, Wechselrichter, [&hellip;]<\/p>\n","protected":false},"author":1,"featured_media":0,"parent":0,"menu_order":0,"comment_status":"closed","ping_status":"closed","template":"builder.php","meta":{"ngg_post_thumbnail":0},"_links":{"self":[{"href":"https:\/\/www.we-kr.com\/de\/wp-json\/wp\/v2\/pages\/26"}],"collection":[{"href":"https:\/\/www.we-kr.com\/de\/wp-json\/wp\/v2\/pages"}],"about":[{"href":"https:\/\/www.we-kr.com\/de\/wp-json\/wp\/v2\/types\/page"}],"author":[{"embeddable":true,"href":"https:\/\/www.we-kr.com\/de\/wp-json\/wp\/v2\/users\/1"}],"replies":[{"embeddable":true,"href":"https:\/\/www.we-kr.com\/de\/wp-json\/wp\/v2\/comments?post=26"}],"version-history":[{"count":28,"href":"https:\/\/www.we-kr.com\/de\/wp-json\/wp\/v2\/pages\/26\/revisions"}],"predecessor-version":[{"id":213,"href":"https:\/\/www.we-kr.com\/de\/wp-json\/wp\/v2\/pages\/26\/revisions\/213"}],"wp:attachment":[{"href":"https:\/\/www.we-kr.com\/de\/wp-json\/wp\/v2\/media?parent=26"}],"curies":[{"name":"wp","href":"https:\/\/api.w.org\/{rel}","templated":true}]}}